{"id":118,"date":"2026-01-22T01:53:39","date_gmt":"2026-01-22T01:53:39","guid":{"rendered":"https:\/\/loragps.com\/?page_id=118"},"modified":"2026-02-02T13:10:12","modified_gmt":"2026-02-02T13:10:12","slug":"blog","status":"publish","type":"page","link":"https:\/\/loragps.com\/es\/blog\/","title":{"rendered":"Blog"},"content":{"rendered":"<div data-elementor-type=\"wp-page\" data-elementor-id=\"118\" class=\"elementor elementor-118\" data-elementor-post-type=\"page\">\n\t\t\t\t\t\t<section class=\"elementor-section elementor-top-section elementor-element elementor-element-843980e elementor-section-boxed elementor-section-height-default elementor-section-height-default\" data-id=\"843980e\" data-element_type=\"section\" data-e-type=\"section\" data-settings=\"{&quot;background_background&quot;:&quot;classic&quot;}\">\n\t\t\t\t\t\t<div class=\"elementor-container elementor-column-gap-default\">\n\t\t\t\t\t<div class=\"elementor-column elementor-col-100 elementor-top-column elementor-element elementor-element-4afc23cd\" data-id=\"4afc23cd\" data-element_type=\"column\" data-e-type=\"column\">\n\t\t\t<div class=\"elementor-widget-wrap elementor-element-populated\">\n\t\t\t\t\t\t<div class=\"elementor-element elementor-element-17a8695d elementor-widget elementor-widget-woocommerce-breadcrumb\" data-id=\"17a8695d\" data-element_type=\"widget\" data-e-type=\"widget\" data-widget_type=\"woocommerce-breadcrumb.default\">\n\t\t\t\t\t<nav class=\"woocommerce-breadcrumb\" aria-label=\"Breadcrumb\" data-no-translation=\"\" data-trp-gettext=\"\">Inicio<\/nav>\t\t\t\t<\/div>\n\t\t\t\t<div class=\"elementor-element elementor-element-f6a29a1 elementor-widget elementor-widget-heading\" data-id=\"f6a29a1\" data-element_type=\"widget\" data-e-type=\"widget\" data-widget_type=\"heading.default\">\n\t\t\t\t\t<h1 class=\"elementor-heading-title elementor-size-default\">Blog <\/h1>\t\t\t\t<\/div>\n\t\t\t\t<div class=\"elementor-element elementor-element-fe0a791 elementor-widget elementor-widget-text-editor\" data-id=\"fe0a791\" data-element_type=\"widget\" data-e-type=\"widget\" data-widget_type=\"text-editor.default\">\n\t\t\t\t\t\t\t\t\t<p>Esta columna tiene como objetivo ofrecer conocimientos exhaustivos sobre GPS, perspectivas del sector y las \u00faltimas novedades, abarcando desde los principios t\u00e9cnicos fundamentales y las tecnolog\u00edas de posicionamiento de vanguardia (como la fusi\u00f3n multisat\u00e9lite o el posicionamiento de alta precisi\u00f3n y bajo consumo) hasta aplicaciones pr\u00e1cticas en el mundo real, como el rastreo de mascotas, la navegaci\u00f3n vehicular, la gesti\u00f3n log\u00edstica, las actividades de aventura al aire libre y el monitoreo inteligente de activos, adem\u00e1s de tendencias del sector, innovaciones de productos y gu\u00edas pr\u00e1cticas.<\/p>\t\t\t\t\t\t\t\t<\/div>\n\t\t\t\t\t<\/div>\n\t\t<\/div>\n\t\t\t\t\t<\/div>\n\t\t<\/section>\n\t\t<div class=\"elementor-element elementor-element-bbaa2cd e-flex e-con-boxed e-con e-parent\" data-id=\"bbaa2cd\" data-element_type=\"container\" data-e-type=\"container\">\n\t\t\t\t\t<div class=\"e-con-inner\">\n\t\t\t\t<div class=\"elementor-element elementor-element-6c35c26 elementor-posts--align-center elementor-grid-3 elementor-grid-tablet-2 elementor-grid-mobile-1 elementor-posts--thumbnail-top elementor-card-shadow-yes elementor-posts__hover-gradient elementor-widget elementor-widget-posts\" data-id=\"6c35c26\" data-element_type=\"widget\" data-e-type=\"widget\" data-settings=\"{&quot;cards_columns&quot;:&quot;3&quot;,&quot;cards_columns_tablet&quot;:&quot;2&quot;,&quot;cards_columns_mobile&quot;:&quot;1&quot;,&quot;cards_row_gap&quot;:{&quot;unit&quot;:&quot;px&quot;,&quot;size&quot;:35,&quot;sizes&quot;:[]},&quot;cards_row_gap_tablet&quot;:{&quot;unit&quot;:&quot;px&quot;,&quot;size&quot;:&quot;&quot;,&quot;sizes&quot;:[]},&quot;cards_row_gap_mobile&quot;:{&quot;unit&quot;:&quot;px&quot;,&quot;size&quot;:&quot;&quot;,&quot;sizes&quot;:[]}}\" data-widget_type=\"posts.cards\">\n\t\t\t\t<div class=\"elementor-widget-container\">\n\t\t\t\t\t\t\t<div class=\"elementor-posts-container elementor-posts elementor-posts--skin-cards elementor-grid\" role=\"list\">\n\t\t\t\t<article class=\"elementor-post elementor-grid-item post-1424 post type-post status-publish format-standard has-post-thumbnail hentry category-garmin-gps\" role=\"listitem\">\n\t\t\t<div class=\"elementor-post__card\">\n\t\t\t\t<a class=\"elementor-post__thumbnail__link\" href=\"https:\/\/loragps.com\/es\/how-to-select-the-right-battery-capacity-for-rechargeable-gps-trackers\/\" tabindex=\"-1\" ><div class=\"elementor-post__thumbnail\"><img fetchpriority=\"high\" decoding=\"async\" width=\"800\" height=\"500\" src=\"https:\/\/loragps.com\/wp-content\/uploads\/2026\/02\/How-to-Select-the-Right-Battery-Capacity-for-Rechargeable-GPS-Trackers.png\" class=\"attachment-full size-full wp-image-1425\" alt=\"How to Select the Right Battery Capacity for Rechargeable GPS Trackers\" srcset=\"https:\/\/loragps.com\/wp-content\/uploads\/2026\/02\/How-to-Select-the-Right-Battery-Capacity-for-Rechargeable-GPS-Trackers.png 800w, https:\/\/loragps.com\/wp-content\/uploads\/2026\/02\/How-to-Select-the-Right-Battery-Capacity-for-Rechargeable-GPS-Trackers-300x188.png 300w, https:\/\/loragps.com\/wp-content\/uploads\/2026\/02\/How-to-Select-the-Right-Battery-Capacity-for-Rechargeable-GPS-Trackers-768x480.png 768w, https:\/\/loragps.com\/wp-content\/uploads\/2026\/02\/How-to-Select-the-Right-Battery-Capacity-for-Rechargeable-GPS-Trackers-600x375.png 600w\" sizes=\"(max-width: 800px) 100vw, 800px\" \/><\/div><\/a>\n\t\t\t\t<div class=\"elementor-post__badge\">GPS Garmin<\/div>\n\t\t\t\t<div class=\"elementor-post__text\">\n\t\t\t\t<h3 class=\"elementor-post__title\">\n\t\t\t<a href=\"https:\/\/loragps.com\/es\/how-to-select-the-right-battery-capacity-for-rechargeable-gps-trackers\/\" >\n\t\t\t\t\u00bfC\u00f3mo seleccionar la capacidad adecuada de la bater\u00eda para los rastreadores GPS recargables?\t\t\t<\/a>\n\t\t<\/h3>\n\t\t\t\t<\/div>\n\t\t\t\t<div class=\"elementor-post__meta-data\">\n\t\t\t\t\t<span class=\"elementor-post-date\">\n\t\t\t3 de febrero de 2026\t\t<\/span>\n\t\t\t\t<span class=\"elementor-post-avatar\">\n\t\t\tNo hay comentarios\t\t<\/span>\n\t\t\t\t<\/div>\n\t\t\t\t\t<\/div>\n\t\t<\/article>\n\t\t\t\t<article class=\"elementor-post elementor-grid-item post-1421 post type-post status-publish format-standard has-post-thumbnail hentry category-wahoo-gps\" role=\"listitem\">\n\t\t\t<div class=\"elementor-post__card\">\n\t\t\t\t<a class=\"elementor-post__thumbnail__link\" href=\"https:\/\/loragps.com\/es\/how-can-i-contact-the-gps-staff-and-sales-of-hongps\/\" tabindex=\"-1\" ><div class=\"elementor-post__thumbnail\"><img decoding=\"async\" width=\"800\" height=\"500\" src=\"https:\/\/loragps.com\/wp-content\/uploads\/2026\/02\/How-can-I-contact-the-GPS-staff-and-sales-of-hongps.jpg\" class=\"attachment-full size-full wp-image-1422\" alt=\"How can I contact the GPS staff and sales of hongps\" srcset=\"https:\/\/loragps.com\/wp-content\/uploads\/2026\/02\/How-can-I-contact-the-GPS-staff-and-sales-of-hongps.jpg 800w, https:\/\/loragps.com\/wp-content\/uploads\/2026\/02\/How-can-I-contact-the-GPS-staff-and-sales-of-hongps-300x188.jpg 300w, https:\/\/loragps.com\/wp-content\/uploads\/2026\/02\/How-can-I-contact-the-GPS-staff-and-sales-of-hongps-768x480.jpg 768w, https:\/\/loragps.com\/wp-content\/uploads\/2026\/02\/How-can-I-contact-the-GPS-staff-and-sales-of-hongps-600x375.jpg 600w\" sizes=\"(max-width: 800px) 100vw, 800px\" \/><\/div><\/a>\n\t\t\t\t<div class=\"elementor-post__badge\">GPS Wahoo<\/div>\n\t\t\t\t<div class=\"elementor-post__text\">\n\t\t\t\t<h3 class=\"elementor-post__title\">\n\t\t\t<a href=\"https:\/\/loragps.com\/es\/how-can-i-contact-the-gps-staff-and-sales-of-hongps\/\" >\n\t\t\t\t\u00bfC\u00f3mo puedo contactar con el personal de GPS y el departamento de ventas de hongps?\t\t\t<\/a>\n\t\t<\/h3>\n\t\t\t\t<\/div>\n\t\t\t\t<div class=\"elementor-post__meta-data\">\n\t\t\t\t\t<span class=\"elementor-post-date\">\n\t\t\t3 de febrero de 2026\t\t<\/span>\n\t\t\t\t<span class=\"elementor-post-avatar\">\n\t\t\tNo hay comentarios\t\t<\/span>\n\t\t\t\t<\/div>\n\t\t\t\t\t<\/div>\n\t\t<\/article>\n\t\t\t\t<article class=\"elementor-post elementor-grid-item post-310 post type-post status-publish format-standard has-post-thumbnail hentry category-gps-news\" role=\"listitem\">\n\t\t\t<div class=\"elementor-post__card\">\n\t\t\t\t<a class=\"elementor-post__thumbnail__link\" href=\"https:\/\/loragps.com\/es\/technological-innovations-and-multifield-applications-of-gps\/\" tabindex=\"-1\" ><div class=\"elementor-post__thumbnail\"><img alt=\"\" decoding=\"async\" width=\"1067\" height=\"600\" src=\"https:\/\/loragps.com\/wp-content\/uploads\/2026\/01\/gps-speed-limiter-law.png\" class=\"attachment-full size-full wp-image-332\" srcset=\"https:\/\/loragps.com\/wp-content\/uploads\/2026\/01\/gps-speed-limiter-law.png 1067w, https:\/\/loragps.com\/wp-content\/uploads\/2026\/01\/gps-speed-limiter-law-300x169.png 300w, https:\/\/loragps.com\/wp-content\/uploads\/2026\/01\/gps-speed-limiter-law-1024x576.png 1024w, https:\/\/loragps.com\/wp-content\/uploads\/2026\/01\/gps-speed-limiter-law-768x432.png 768w, https:\/\/loragps.com\/wp-content\/uploads\/2026\/01\/gps-speed-limiter-law-600x337.png 600w\" sizes=\"(max-width: 1067px) 100vw, 1067px\" \/><\/div><\/a>\n\t\t\t\t<div class=\"elementor-post__badge\">Noticias sobre GPS<\/div>\n\t\t\t\t<div class=\"elementor-post__text\">\n\t\t\t\t<h3 class=\"elementor-post__title\">\n\t\t\t<a href=\"https:\/\/loragps.com\/es\/technological-innovations-and-multifield-applications-of-gps\/\" >\n\t\t\t\tInnovaciones tecnol\u00f3gicas y aplicaciones multifac\u00e9ticas del GPS\t\t\t<\/a>\n\t\t<\/h3>\n\t\t\t\t<\/div>\n\t\t\t\t<div class=\"elementor-post__meta-data\">\n\t\t\t\t\t<span class=\"elementor-post-date\">\n\t\t\t28 de enero de 2026\t\t<\/span>\n\t\t\t\t<span class=\"elementor-post-avatar\">\n\t\t\tNo hay comentarios\t\t<\/span>\n\t\t\t\t<\/div>\n\t\t\t\t\t<\/div>\n\t\t<\/article>\n\t\t\t\t<article class=\"elementor-post elementor-grid-item post-93 post type-post status-publish format-standard has-post-thumbnail hentry category-gps-news\" role=\"listitem\">\n\t\t\t<div class=\"elementor-post__card\">\n\t\t\t\t<a class=\"elementor-post__thumbnail__link\" href=\"https:\/\/loragps.com\/es\/what-is-gps\/\" tabindex=\"-1\" ><div class=\"elementor-post__thumbnail\"><img alt=\"\" loading=\"lazy\" decoding=\"async\" width=\"800\" height=\"800\" src=\"https:\/\/loragps.com\/wp-content\/uploads\/2026\/01\/GPS.webp\" class=\"attachment-full size-full wp-image-96\" srcset=\"https:\/\/loragps.com\/wp-content\/uploads\/2026\/01\/GPS.webp 800w, https:\/\/loragps.com\/wp-content\/uploads\/2026\/01\/GPS-300x300.webp 300w, https:\/\/loragps.com\/wp-content\/uploads\/2026\/01\/GPS-100x100.webp 100w, https:\/\/loragps.com\/wp-content\/uploads\/2026\/01\/GPS-600x600.webp 600w, https:\/\/loragps.com\/wp-content\/uploads\/2026\/01\/GPS-150x150.webp 150w, https:\/\/loragps.com\/wp-content\/uploads\/2026\/01\/GPS-768x768.webp 768w\" sizes=\"(max-width: 800px) 100vw, 800px\" \/><\/div><\/a>\n\t\t\t\t<div class=\"elementor-post__badge\">Noticias sobre GPS<\/div>\n\t\t\t\t<div class=\"elementor-post__text\">\n\t\t\t\t<h3 class=\"elementor-post__title\">\n\t\t\t<a href=\"https:\/\/loragps.com\/es\/what-is-gps\/\" >\n\t\t\t\t\u00bfQu\u00e9 es el GPS?\t\t\t<\/a>\n\t\t<\/h3>\n\t\t\t\t<\/div>\n\t\t\t\t<div class=\"elementor-post__meta-data\">\n\t\t\t\t\t<span class=\"elementor-post-date\">\n\t\t\t21 de enero de 2026\t\t<\/span>\n\t\t\t\t<span class=\"elementor-post-avatar\">\n\t\t\tNo hay comentarios\t\t<\/span>\n\t\t\t\t<\/div>\n\t\t\t\t\t<\/div>\n\t\t<\/article>\n\t\t\t\t<\/div>\n\t\t\n\t\t\t\t\t\t<\/div>\n\t\t\t\t<\/div>\n\t\t\t\t\t<\/div>\n\t\t\t\t<\/div>\n\t\t\t\t<\/div>","protected":false},"excerpt":{"rendered":"<p>Blog This column is dedicated to delivering comprehensive GPS knowledge, industry insights, and the latest updates\u2014covering core technical principles, cutting-edge<\/p>","protected":false},"author":1,"featured_media":0,"parent":0,"menu_order":0,"comment_status":"closed","ping_status":"closed","template":"","meta":{"_seopress_robots_primary_cat":"","_seopress_titles_title":"","_seopress_titles_desc":"","_seopress_robots_index":"","site-sidebar-layout":"no-sidebar","site-content-layout":"","ast-site-content-layout":"full-width-container","site-content-style":"default","site-sidebar-style":"default","ast-global-header-display":"","ast-banner-title-visibility":"","ast-main-header-display":"","ast-hfb-above-header-display":"","ast-hfb-below-header-display":"","ast-hfb-mobile-header-display":"","site-post-title":"disabled","ast-breadcrumbs-content":"","ast-featured-img":"disabled","footer-sml-layout":"","ast-disable-related-posts":"","theme-transparent-header-meta":"","adv-header-id-meta":"","stick-header-meta":"","header-above-stick-meta":"","header-main-stick-meta":"","header-below-stick-meta":"","astra-migrate-meta-layouts":"default","ast-page-background-enabled":"default","ast-page-background-meta":{"desktop":{"background-color":"var(--ast-global-color-5)","background-image":"","background-repeat":"repeat","background-position":"center center","background-size":"auto","background-attachment":"scroll","background-type":"","background-media":"","overlay-type":"","overlay-color":"","overlay-opacity":"","overlay-gradient":""},"tablet":{"background-color":"","background-image":"","background-repeat":"repeat","background-position":"center center","background-size":"auto","background-attachment":"scroll","background-type":"","background-media":"","overlay-type":"","overlay-color":"","overlay-opacity":"","overlay-gradient":""},"mobile":{"background-color":"","background-image":"","background-repeat":"repeat","background-position":"center center","background-size":"auto","background-attachment":"scroll","background-type":"","background-media":"","overlay-type":"","overlay-color":"","overlay-opacity":"","overlay-gradient":""}},"ast-content-background-meta":{"desktop":{"background-color":"var(--ast-global-color-4)","background-image":"","background-repeat":"repeat","background-position":"center center","background-size":"auto","background-attachment":"scroll","background-type":"","background-media":"","overlay-type":"","overlay-color":"","overlay-opacity":"","overlay-gradient":""},"tablet":{"background-color":"var(--ast-global-color-4)","background-image":"","background-repeat":"repeat","background-position":"center center","background-size":"auto","background-attachment":"scroll","background-type":"","background-media":"","overlay-type":"","overlay-color":"","overlay-opacity":"","overlay-gradient":""},"mobile":{"background-color":"var(--ast-global-color-4)","background-image":"","background-repeat":"repeat","background-position":"center center","background-size":"auto","background-attachment":"scroll","background-type":"","background-media":"","overlay-type":"","overlay-color":"","overlay-opacity":"","overlay-gradient":""}},"footnotes":""},"class_list":["post-118","page","type-page","status-publish","hentry"],"_links":{"self":[{"href":"https:\/\/loragps.com\/es\/wp-json\/wp\/v2\/pages\/118","targetHints":{"allow":["GET"]}}],"collection":[{"href":"https:\/\/loragps.com\/es\/wp-json\/wp\/v2\/pages"}],"about":[{"href":"https:\/\/loragps.com\/es\/wp-json\/wp\/v2\/types\/page"}],"author":[{"embeddable":true,"href":"https:\/\/loragps.com\/es\/wp-json\/wp\/v2\/users\/1"}],"replies":[{"embeddable":true,"href":"https:\/\/loragps.com\/es\/wp-json\/wp\/v2\/comments?post=118"}],"version-history":[{"count":16,"href":"https:\/\/loragps.com\/es\/wp-json\/wp\/v2\/pages\/118\/revisions"}],"predecessor-version":[{"id":1319,"href":"https:\/\/loragps.com\/es\/wp-json\/wp\/v2\/pages\/118\/revisions\/1319"}],"wp:attachment":[{"href":"https:\/\/loragps.com\/es\/wp-json\/wp\/v2\/media?parent=118"}],"curies":[{"name":"wp","href":"https:\/\/api.w.org\/{rel}","templated":true}]}}